{"id":25,"date":"2015-05-26T10:55:16","date_gmt":"2015-05-26T08:55:16","guid":{"rendered":"http:\/\/www.imperial-permanent-makeup.pl\/en\/?page_id=23"},"modified":"2019-04-10T09:35:39","modified_gmt":"2019-04-10T07:35:39","slug":"galeria","status":"publish","type":"page","link":"https:\/\/www.imperial-permanent-makeup.pl\/en\/galeria\/","title":{"rendered":"Images of my permanent make-ups"},"content":{"rendered":"<p>&nbsp;<\/p>\n<div class=\"csRow\">\n<div class=\"csColumnGap\" style=\"margin: 0px; padding: 0px; float: left; width: 1.56%;\"><img style=\"border: none;\" src=\"http:\/\/www.imperial-permanent-makeup.pl\/wp-content\/plugins\/advanced-wp-columns\/assets\/js\/plugins\/views\/img\/1x1-pixel.png\" \/><\/div>\n<div class=\"csColumn\" style=\"margin: 0px; padding: 0px; float: left; width: 23%;\" data-csstartpoint=\"15\" data-csendpoint=\"236\" data-cswidth=\"23.0%\" data-csid=\"04b5a2fa-8582-7354-a72d-7fc66868509e\">\n<p style=\"text-align: center;\"><a href=\"https:\/\/www.facebook.com\/makijaz.permanentny.poznan.alicja.tomaszkiewicz\/\"><img loading=\"lazy\" src=\"http:\/\/www.imperial-permanent-makeup.pl\/wp-content\/uploads\/2015\/05\/Bez-nazwy-3_02.jpg\" alt=\"\" width=\"204\" height=\"188\" \/><\/a><br \/>\n<strong>Facebook<\/strong><\/p>\n<\/div>\n<div class=\"csColumnGap\" style=\"margin: 0px; padding: 0px; float: left; width: 1.56%;\"><img style=\"border: none;\" src=\"http:\/\/www.imperial-permanent-makeup.pl\/wp-content\/plugins\/advanced-wp-columns\/assets\/js\/plugins\/views\/img\/1x1-pixel.png\" \/><\/div>\n<div class=\"csColumn\" style=\"margin: 0px; padding: 0px; float: left; width: 23%;\" data-csstartpoint=\"251\" data-csendpoint=\"472\" data-cswidth=\"23.0%\" data-csid=\"f0eaf14e-0101-25f3-a5cd-9d19196d79d7\">\n<p style=\"text-align: center;\"><a href=\"http:\/\/www.imperial-permanent-makeup.pl\/en\/brwi\/\"><img loading=\"lazy\" src=\"http:\/\/www.imperial-permanent-makeup.pl\/wp-content\/uploads\/2015\/05\/Bez-nazwy-3_03.jpg\" alt=\"\" width=\"204\" height=\"187\" \/><\/a><br \/>\n<strong>Eyebrows<\/strong><\/p>\n<\/div>\n<div class=\"csColumnGap\" style=\"margin: 0px; padding: 0px; float: left; width: 1.56%;\"><img style=\"border: none;\" src=\"http:\/\/www.imperial-permanent-makeup.pl\/wp-content\/plugins\/advanced-wp-columns\/assets\/js\/plugins\/views\/img\/1x1-pixel.png\" \/><\/div>\n<div class=\"csColumn\" style=\"margin: 0px; padding: 0px; float: left; width: 23%;\" data-csstartpoint=\"487\" data-csendpoint=\"708\" data-cswidth=\"23.0%\" data-csid=\"073ac9a5-324c-5d35-85ef-41eb845e4cbd\">\n<p style=\"text-align: center;\"><a href=\" http:\/\/www.imperial-permanent-makeup.pl\/en\/usta\/\"><img loading=\"lazy\" src=\"http:\/\/www.imperial-permanent-makeup.pl\/wp-content\/uploads\/2015\/05\/Bez-nazwy-3_04.jpg\" alt=\"\" width=\"204\" height=\"191\" \/><\/a><br \/>\n<strong>Lips<\/strong><\/p>\n<\/div>\n<div class=\"csColumnGap\" style=\"margin: 0px; padding: 0px; float: left; width: 1.56%;\"><img style=\"border: none;\" src=\"http:\/\/www.imperial-permanent-makeup.pl\/wp-content\/plugins\/advanced-wp-columns\/assets\/js\/plugins\/views\/img\/1x1-pixel.png\" \/><\/div>\n<div class=\"csColumn\" style=\"margin: 0px; padding: 0px; float: left; width: 23.1%;\" data-csstartpoint=\"723\" data-csendpoint=\"945\" data-cswidth=\"23.1%\" data-csid=\"5fb93ef0-ead6-bb85-ba4e-e388e9f54e22\">\n<p style=\"text-align: center;\"><a href=\" http:\/\/www.imperial-permanent-makeup.pl\/en\/kreski\/ \"><img loading=\"lazy\" src=\"http:\/\/www.imperial-permanent-makeup.pl\/wp-content\/uploads\/2015\/05\/Bez-nazwy-3_05.jpg\" alt=\"\" width=\"204\" height=\"189\" \/><\/a><br \/>\n<strong>Eyeliners<\/strong><\/p>\n<\/div>\n<div class=\"csColumnGap\" style=\"margin: 0px; padding: 0px; float: left; width: 1.56%;\"><img style=\"border: none;\" src=\"http:\/\/www.imperial-permanent-makeup.pl\/wp-content\/plugins\/advanced-wp-columns\/assets\/js\/plugins\/views\/img\/1x1-pixel.png\" \/><\/div>\n<div style=\"clear: both; float: none; display: block; visibility: hidden; width: 0px; font-size: 0px; line-height: 0;\"><\/div>\n<\/div>\n<p>&nbsp;<\/p>\n","protected":false},"excerpt":{"rendered":"<p>&nbsp; Facebook Eyebrows Lips Eyeliners &nbsp;<\/p>\n","protected":false},"author":1,"featured_media":0,"parent":0,"menu_order":0,"comment_status":"closed","ping_status":"closed","template":"","meta":{"ngg_post_thumbnail":0},"yoast_head":"<!-- This site is optimized with the Yoast SEO plugin v15.2 - https:\/\/yoast.com\/wordpress\/plugins\/seo\/ -->\n<meta name=\"description\" content=\"Galeria makija\u017cu permanentnego wykonanego na naszych klientkach. Prezentujemy oryginalne zdj\u0119cia jak wygl\u0105da makija\u017c permanentny ust, brwi i kresek.\" \/>\n<meta name=\"robots\" content=\"index, follow, max-snippet:-1, max-image-preview:large, max-video-preview:-1\" \/>\n<link rel=\"canonical\" href=\"https:\/\/www.imperial-permanent-makeup.pl\/en\/galeria\/\" \/>\n<meta property=\"og:locale\" content=\"en_GB\" \/>\n<meta property=\"og:type\" content=\"article\" \/>\n<meta property=\"og:title\" content=\"Galeria studia makija\u017cu permanentnego Imperial w Poznaniu\" \/>\n<meta property=\"og:description\" content=\"Galeria makija\u017cu permanentnego wykonanego na naszych klientkach. Prezentujemy oryginalne zdj\u0119cia jak wygl\u0105da makija\u017c permanentny ust, brwi i kresek.\" \/>\n<meta property=\"og:url\" content=\"https:\/\/www.imperial-permanent-makeup.pl\/en\/galeria\/\" \/>\n<meta property=\"og:site_name\" content=\"EN | Studio makija\u017cu permanentnego\" \/>\n<meta property=\"article:modified_time\" content=\"2019-04-10T07:35:39+00:00\" \/>\n<meta property=\"og:image\" content=\"http:\/\/www.imperial-permanent-makeup.pl\/wp-content\/plugins\/advanced-wp-columns\/assets\/js\/plugins\/views\/img\/1x1-pixel.png\" \/>\n<meta name=\"twitter:card\" content=\"summary\" \/>\n<meta name=\"twitter:label1\" value=\"Written by\">\n\t<meta name=\"twitter:data1\" value=\"admin\">\n\t<meta name=\"twitter:label2\" value=\"Estimated reading time\">\n\t<meta name=\"twitter:data2\" value=\"0 minutes\">\n<script type=\"application\/ld+json\" class=\"yoast-schema-graph\">{\"@context\":\"https:\/\/schema.org\",\"@graph\":[{\"@type\":\"WebSite\",\"@id\":\"https:\/\/www.imperial-permanent-makeup.pl\/en\/#website\",\"url\":\"https:\/\/www.imperial-permanent-makeup.pl\/en\/\",\"name\":\"EN | Studio makija\\u017cu permanentnego\",\"description\":\"Studio makija\\u017cu permanentnego\",\"potentialAction\":[{\"@type\":\"SearchAction\",\"target\":\"https:\/\/www.imperial-permanent-makeup.pl\/en\/?s={search_term_string}\",\"query-input\":\"required name=search_term_string\"}],\"inLanguage\":\"en-GB\"},{\"@type\":\"ImageObject\",\"@id\":\"https:\/\/www.imperial-permanent-makeup.pl\/en\/galeria\/#primaryimage\",\"inLanguage\":\"en-GB\",\"url\":\"http:\/\/www.imperial-permanent-makeup.pl\/wp-content\/plugins\/advanced-wp-columns\/assets\/js\/plugins\/views\/img\/1x1-pixel.png\"},{\"@type\":\"WebPage\",\"@id\":\"https:\/\/www.imperial-permanent-makeup.pl\/en\/galeria\/#webpage\",\"url\":\"https:\/\/www.imperial-permanent-makeup.pl\/en\/galeria\/\",\"name\":\"Galeria studia makija\\u017cu permanentnego Imperial w Poznaniu\",\"isPartOf\":{\"@id\":\"https:\/\/www.imperial-permanent-makeup.pl\/en\/#website\"},\"primaryImageOfPage\":{\"@id\":\"https:\/\/www.imperial-permanent-makeup.pl\/en\/galeria\/#primaryimage\"},\"datePublished\":\"2015-05-26T08:55:16+00:00\",\"dateModified\":\"2019-04-10T07:35:39+00:00\",\"description\":\"Galeria makija\\u017cu permanentnego wykonanego na naszych klientkach. Prezentujemy oryginalne zdj\\u0119cia jak wygl\\u0105da makija\\u017c permanentny ust, brwi i kresek.\",\"inLanguage\":\"en-GB\",\"potentialAction\":[{\"@type\":\"ReadAction\",\"target\":[\"https:\/\/www.imperial-permanent-makeup.pl\/en\/galeria\/\"]}]}]}<\/script>\n<!-- \/ Yoast SEO plugin. -->","_links":{"self":[{"href":"https:\/\/www.imperial-permanent-makeup.pl\/en\/wp-json\/wp\/v2\/pages\/25"}],"collection":[{"href":"https:\/\/www.imperial-permanent-makeup.pl\/en\/wp-json\/wp\/v2\/pages"}],"about":[{"href":"https:\/\/www.imperial-permanent-makeup.pl\/en\/wp-json\/wp\/v2\/types\/page"}],"author":[{"embeddable":true,"href":"https:\/\/www.imperial-permanent-makeup.pl\/en\/wp-json\/wp\/v2\/users\/1"}],"replies":[{"embeddable":true,"href":"https:\/\/www.imperial-permanent-makeup.pl\/en\/wp-json\/wp\/v2\/comments?post=25"}],"version-history":[{"count":10,"href":"https:\/\/www.imperial-permanent-makeup.pl\/en\/wp-json\/wp\/v2\/pages\/25\/revisions"}],"predecessor-version":[{"id":403,"href":"https:\/\/www.imperial-permanent-makeup.pl\/en\/wp-json\/wp\/v2\/pages\/25\/revisions\/403"}],"wp:attachment":[{"href":"https:\/\/www.imperial-permanent-makeup.pl\/en\/wp-json\/wp\/v2\/media?parent=25"}],"curies":[{"name":"wp","href":"https:\/\/api.w.org\/{rel}","templated":true}]}}