{"id":28,"date":"2015-05-26T10:55:16","date_gmt":"2015-05-26T08:55:16","guid":{"rendered":"http:\/\/www.imperial-permanent-makeup.pl\/en\/?page_id=23"},"modified":"2025-10-23T12:01:35","modified_gmt":"2025-10-23T10:01:35","slug":"cennik","status":"publish","type":"page","link":"https:\/\/www.imperial-permanent-makeup.pl\/en\/cennik\/","title":{"rendered":"Permanent make-up price list"},"content":{"rendered":"<pre class=\"tw-data-text tw-text-large tw-ta\" dir=\"ltr\" data-placeholder=\"T\u0142umaczenie\"><span lang=\"en\" tabindex=\"0\"><strong>Payments for services can be made by card or cash. <\/strong><\/span><\/pre>\n<h2>Eyebrows 550pln<\/h2>\n<table>\n<tbody>\n<tr>\n<td>Irrespective of the selected technique (hair, feather, microblading,&nbsp;shadow, 3D, hybrid, ombre, powder effect, nano brows)<\/td>\n<td>750z\u0142<\/td>\n<\/tr>\n<\/tbody>\n<\/table>\n<h2>Lip Blush 850pln<\/h2>\n<h2>Eyeliner (uper eyelid 550pln, lower eyelid 450pln, both on one appointment 750pln)&nbsp;<\/h2>\n<p>&nbsp;<\/p>\n<p><strong>Extra pigmentation \/ correction (touch-up) within 60 days from the treatment: 250 z\u0142<\/strong><\/p>\n<p>&nbsp;<\/p>\n\n\n<p><\/p>\n","protected":false},"excerpt":{"rendered":"<p>Payments for services can be made by card or cash. Eyebrows 550pln Irrespective of the selected technique (hair, feather, microblading,&nbsp;shadow, 3D, hybrid, ombre, powder effect, nano brows) 750z\u0142 Lip Blush 850pln Eyeliner (uper eyelid 550pln, lower eyelid 450pln, both on one appointment 750pln)&nbsp; &nbsp; Extra pigmentation \/ correction (touch-up) within 60 days from the treatment: &hellip; <a href=\"https:\/\/www.imperial-permanent-makeup.pl\/en\/cennik\/\" class=\"more-link\">Continue reading <span class=\"screen-reader-text\">Permanent make-up price list<\/span> <span class=\"meta-nav\">&rarr;<\/span><\/a><\/p>\n","protected":false},"author":1,"featured_media":0,"parent":0,"menu_order":0,"comment_status":"closed","ping_status":"closed","template":"","meta":{"ngg_post_thumbnail":0},"yoast_head":"<!-- This site is optimized with the Yoast SEO plugin v15.2 - https:\/\/yoast.com\/wordpress\/plugins\/seo\/ -->\n<meta name=\"description\" content=\"Podajemy pe\u0142ny cennik makija\u017cu permanentnego brwi, kresek, ust naszego studia Imperial Pozna\u0144, a tak\u017ce dost\u0119pne rabaty dla naszych klientek na wybrane us\u0142ugi.\" \/>\n<meta name=\"robots\" content=\"index, follow, max-snippet:-1, max-image-preview:large, max-video-preview:-1\" \/>\n<link rel=\"canonical\" href=\"https:\/\/www.imperial-permanent-makeup.pl\/en\/cennik\/\" \/>\n<meta property=\"og:locale\" content=\"en_GB\" \/>\n<meta property=\"og:type\" content=\"article\" \/>\n<meta property=\"og:title\" content=\"Cennik makija\u017cu permanentnego Pozna\u0144 Imperial Studio\" \/>\n<meta property=\"og:description\" content=\"Podajemy pe\u0142ny cennik makija\u017cu permanentnego brwi, kresek, ust naszego studia Imperial Pozna\u0144, a tak\u017ce dost\u0119pne rabaty dla naszych klientek na wybrane us\u0142ugi.\" \/>\n<meta property=\"og:url\" content=\"https:\/\/www.imperial-permanent-makeup.pl\/en\/cennik\/\" \/>\n<meta property=\"og:site_name\" content=\"EN | Studio makija\u017cu permanentnego\" \/>\n<meta property=\"article:modified_time\" content=\"2025-10-23T10:01:35+00:00\" \/>\n<meta name=\"twitter:card\" content=\"summary\" \/>\n<meta name=\"twitter:label1\" value=\"Written by\">\n\t<meta name=\"twitter:data1\" value=\"admin\">\n\t<meta name=\"twitter:label2\" value=\"Estimated reading time\">\n\t<meta name=\"twitter:data2\" value=\"0 minutes\">\n<script type=\"application\/ld+json\" class=\"yoast-schema-graph\">{\"@context\":\"https:\/\/schema.org\",\"@graph\":[{\"@type\":\"WebSite\",\"@id\":\"https:\/\/www.imperial-permanent-makeup.pl\/en\/#website\",\"url\":\"https:\/\/www.imperial-permanent-makeup.pl\/en\/\",\"name\":\"EN | Studio makija\\u017cu permanentnego\",\"description\":\"Studio makija\\u017cu permanentnego\",\"potentialAction\":[{\"@type\":\"SearchAction\",\"target\":\"https:\/\/www.imperial-permanent-makeup.pl\/en\/?s={search_term_string}\",\"query-input\":\"required name=search_term_string\"}],\"inLanguage\":\"en-GB\"},{\"@type\":\"WebPage\",\"@id\":\"https:\/\/www.imperial-permanent-makeup.pl\/en\/cennik\/#webpage\",\"url\":\"https:\/\/www.imperial-permanent-makeup.pl\/en\/cennik\/\",\"name\":\"Cennik makija\\u017cu permanentnego Pozna\\u0144 Imperial Studio\",\"isPartOf\":{\"@id\":\"https:\/\/www.imperial-permanent-makeup.pl\/en\/#website\"},\"datePublished\":\"2015-05-26T08:55:16+00:00\",\"dateModified\":\"2025-10-23T10:01:35+00:00\",\"description\":\"Podajemy pe\\u0142ny cennik makija\\u017cu permanentnego brwi, kresek, ust naszego studia Imperial Pozna\\u0144, a tak\\u017ce dost\\u0119pne rabaty dla naszych klientek na wybrane us\\u0142ugi.\",\"inLanguage\":\"en-GB\",\"potentialAction\":[{\"@type\":\"ReadAction\",\"target\":[\"https:\/\/www.imperial-permanent-makeup.pl\/en\/cennik\/\"]}]}]}<\/script>\n<!-- \/ Yoast SEO plugin. -->","_links":{"self":[{"href":"https:\/\/www.imperial-permanent-makeup.pl\/en\/wp-json\/wp\/v2\/pages\/28"}],"collection":[{"href":"https:\/\/www.imperial-permanent-makeup.pl\/en\/wp-json\/wp\/v2\/pages"}],"about":[{"href":"https:\/\/www.imperial-permanent-makeup.pl\/en\/wp-json\/wp\/v2\/types\/page"}],"author":[{"embeddable":true,"href":"https:\/\/www.imperial-permanent-makeup.pl\/en\/wp-json\/wp\/v2\/users\/1"}],"replies":[{"embeddable":true,"href":"https:\/\/www.imperial-permanent-makeup.pl\/en\/wp-json\/wp\/v2\/comments?post=28"}],"version-history":[{"count":38,"href":"https:\/\/www.imperial-permanent-makeup.pl\/en\/wp-json\/wp\/v2\/pages\/28\/revisions"}],"predecessor-version":[{"id":735,"href":"https:\/\/www.imperial-permanent-makeup.pl\/en\/wp-json\/wp\/v2\/pages\/28\/revisions\/735"}],"wp:attachment":[{"href":"https:\/\/www.imperial-permanent-makeup.pl\/en\/wp-json\/wp\/v2\/media?parent=28"}],"curies":[{"name":"wp","href":"https:\/\/api.w.org\/{rel}","templated":true}]}}