{"id":50,"date":"2016-04-29T15:16:06","date_gmt":"2016-04-29T13:16:06","guid":{"rendered":"http:\/\/www.imperial-permanent-makeup.pl\/en\/?page_id=50"},"modified":"2024-04-22T08:51:15","modified_gmt":"2024-04-22T06:51:15","slug":"brwi","status":"publish","type":"page","link":"https:\/\/www.imperial-permanent-makeup.pl\/en\/brwi\/","title":{"rendered":"Eyebrows"},"content":{"rendered":"\n<!-- index.php -->\n<div\n\tclass=\"ngg-galleryoverview ngg-ajax-pagination-none\"\n\tid=\"ngg-gallery-10afdb6fac9c8fe33fea9ea6cab5d54a-1\">\n\n    \t\t<!-- Thumbnails -->\n\t\t\t\t<div id=\"ngg-image-0\" class=\"ngg-gallery-thumbnail-box\" >\n\t\t\t\t        <div class=\"ngg-gallery-thumbnail\">\n            <a href=\"https:\/\/www.imperial-permanent-makeup.pl\/en\/wp-content\/uploads\/sites\/2\/nggallery\/brwi_nowa_galeria\/IMG_20231208_182912_848.jpg\"\n               title=\"\"\n               data-src=\"https:\/\/www.imperial-permanent-makeup.pl\/en\/wp-content\/uploads\/sites\/2\/nggallery\/brwi_nowa_galeria\/IMG_20231208_182912_848.jpg\"\n               data-thumbnail=\"https:\/\/www.imperial-permanent-makeup.pl\/en\/wp-content\/uploads\/sites\/2\/nggallery\/brwi_nowa_galeria\/thumbs\/thumbs_IMG_20231208_182912_848.jpg\"\n               data-image-id=\"175\"\n               data-title=\"IMG_20231208_182912_848\"\n               data-description=\"\"\n               data-image-slug=\"img_20231208_182912_848\"\n               class=\"ngg-fancybox\" rel=\"10afdb6fac9c8fe33fea9ea6cab5d54a\">\n                <img\n                    title=\"IMG_20231208_182912_848\"\n                    alt=\"IMG_20231208_182912_848\"\n                    src=\"https:\/\/www.imperial-permanent-makeup.pl\/en\/wp-content\/uploads\/sites\/2\/nggallery\/brwi_nowa_galeria\/thumbs\/thumbs_IMG_20231208_182912_848.jpg\"\n                    width=\"240\"\n                    height=\"160\"\n                    style=\"max-width:100%;\"\n                \/>\n            <\/a>\n        <\/div>\n\t\t\t\t\t\t\t<\/div> \n\t\t\t\n        \n\t\t\t\t<div id=\"ngg-image-1\" class=\"ngg-gallery-thumbnail-box\" >\n\t\t\t\t        <div class=\"ngg-gallery-thumbnail\">\n            <a href=\"https:\/\/www.imperial-permanent-makeup.pl\/en\/wp-content\/uploads\/sites\/2\/nggallery\/brwi_nowa_galeria\/MTXX_MR20230407_144411487.jpg\"\n               title=\"\"\n               data-src=\"https:\/\/www.imperial-permanent-makeup.pl\/en\/wp-content\/uploads\/sites\/2\/nggallery\/brwi_nowa_galeria\/MTXX_MR20230407_144411487.jpg\"\n               data-thumbnail=\"https:\/\/www.imperial-permanent-makeup.pl\/en\/wp-content\/uploads\/sites\/2\/nggallery\/brwi_nowa_galeria\/thumbs\/thumbs_MTXX_MR20230407_144411487.jpg\"\n               data-image-id=\"176\"\n               data-title=\"MTXX_MR20230407_144411487\"\n               data-description=\"\"\n               data-image-slug=\"mtxx_mr20230407_144411487\"\n               class=\"ngg-fancybox\" rel=\"10afdb6fac9c8fe33fea9ea6cab5d54a\">\n                <img\n                    title=\"MTXX_MR20230407_144411487\"\n                    alt=\"MTXX_MR20230407_144411487\"\n                    src=\"https:\/\/www.imperial-permanent-makeup.pl\/en\/wp-content\/uploads\/sites\/2\/nggallery\/brwi_nowa_galeria\/thumbs\/thumbs_MTXX_MR20230407_144411487.jpg\"\n                    width=\"240\"\n                    height=\"160\"\n                    style=\"max-width:100%;\"\n                \/>\n            <\/a>\n        <\/div>\n\t\t\t\t\t\t\t<\/div> \n\t\t\t\n        \n\t\t\t\t<div id=\"ngg-image-2\" class=\"ngg-gallery-thumbnail-box\" >\n\t\t\t\t        <div class=\"ngg-gallery-thumbnail\">\n            <a href=\"https:\/\/www.imperial-permanent-makeup.pl\/en\/wp-content\/uploads\/sites\/2\/nggallery\/brwi_nowa_galeria\/MTXX_MR20230413_164249891.jpg\"\n               title=\"\"\n               data-src=\"https:\/\/www.imperial-permanent-makeup.pl\/en\/wp-content\/uploads\/sites\/2\/nggallery\/brwi_nowa_galeria\/MTXX_MR20230413_164249891.jpg\"\n               data-thumbnail=\"https:\/\/www.imperial-permanent-makeup.pl\/en\/wp-content\/uploads\/sites\/2\/nggallery\/brwi_nowa_galeria\/thumbs\/thumbs_MTXX_MR20230413_164249891.jpg\"\n               data-image-id=\"177\"\n               data-title=\"MTXX_MR20230413_164249891\"\n               data-description=\"\"\n               data-image-slug=\"mtxx_mr20230413_164249891\"\n               class=\"ngg-fancybox\" rel=\"10afdb6fac9c8fe33fea9ea6cab5d54a\">\n                <img\n                    title=\"MTXX_MR20230413_164249891\"\n                    alt=\"MTXX_MR20230413_164249891\"\n                    src=\"https:\/\/www.imperial-permanent-makeup.pl\/en\/wp-content\/uploads\/sites\/2\/nggallery\/brwi_nowa_galeria\/thumbs\/thumbs_MTXX_MR20230413_164249891.jpg\"\n                    width=\"240\"\n                    height=\"160\"\n                    style=\"max-width:100%;\"\n                \/>\n            <\/a>\n        <\/div>\n\t\t\t\t\t\t\t<\/div> \n\t\t\t\n        \n\t\t\t\t<div id=\"ngg-image-3\" class=\"ngg-gallery-thumbnail-box\" >\n\t\t\t\t        <div class=\"ngg-gallery-thumbnail\">\n            <a href=\"https:\/\/www.imperial-permanent-makeup.pl\/en\/wp-content\/uploads\/sites\/2\/nggallery\/brwi_nowa_galeria\/MTXX_MR20230622_140641107.jpg\"\n               title=\"\"\n               data-src=\"https:\/\/www.imperial-permanent-makeup.pl\/en\/wp-content\/uploads\/sites\/2\/nggallery\/brwi_nowa_galeria\/MTXX_MR20230622_140641107.jpg\"\n               data-thumbnail=\"https:\/\/www.imperial-permanent-makeup.pl\/en\/wp-content\/uploads\/sites\/2\/nggallery\/brwi_nowa_galeria\/thumbs\/thumbs_MTXX_MR20230622_140641107.jpg\"\n               data-image-id=\"178\"\n               data-title=\"MTXX_MR20230622_140641107\"\n               data-description=\"\"\n               data-image-slug=\"mtxx_mr20230622_140641107\"\n               class=\"ngg-fancybox\" rel=\"10afdb6fac9c8fe33fea9ea6cab5d54a\">\n                <img\n                    title=\"MTXX_MR20230622_140641107\"\n                    alt=\"MTXX_MR20230622_140641107\"\n                    src=\"https:\/\/www.imperial-permanent-makeup.pl\/en\/wp-content\/uploads\/sites\/2\/nggallery\/brwi_nowa_galeria\/thumbs\/thumbs_MTXX_MR20230622_140641107.jpg\"\n                    width=\"240\"\n                    height=\"160\"\n                    style=\"max-width:100%;\"\n                \/>\n            <\/a>\n        <\/div>\n\t\t\t\t\t\t\t<\/div> \n\t\t\t\n        \n\t\t\t\t<div id=\"ngg-image-4\" class=\"ngg-gallery-thumbnail-box\" >\n\t\t\t\t        <div class=\"ngg-gallery-thumbnail\">\n            <a href=\"https:\/\/www.imperial-permanent-makeup.pl\/en\/wp-content\/uploads\/sites\/2\/nggallery\/brwi_nowa_galeria\/MTXX_MR20231015_135225692.jpg\"\n               title=\"\"\n               data-src=\"https:\/\/www.imperial-permanent-makeup.pl\/en\/wp-content\/uploads\/sites\/2\/nggallery\/brwi_nowa_galeria\/MTXX_MR20231015_135225692.jpg\"\n               data-thumbnail=\"https:\/\/www.imperial-permanent-makeup.pl\/en\/wp-content\/uploads\/sites\/2\/nggallery\/brwi_nowa_galeria\/thumbs\/thumbs_MTXX_MR20231015_135225692.jpg\"\n               data-image-id=\"179\"\n               data-title=\"MTXX_MR20231015_135225692\"\n               data-description=\"\"\n               data-image-slug=\"mtxx_mr20231015_135225692\"\n               class=\"ngg-fancybox\" rel=\"10afdb6fac9c8fe33fea9ea6cab5d54a\">\n                <img\n                    title=\"MTXX_MR20231015_135225692\"\n                    alt=\"MTXX_MR20231015_135225692\"\n                    src=\"https:\/\/www.imperial-permanent-makeup.pl\/en\/wp-content\/uploads\/sites\/2\/nggallery\/brwi_nowa_galeria\/thumbs\/thumbs_MTXX_MR20231015_135225692.jpg\"\n                    width=\"240\"\n                    height=\"160\"\n                    style=\"max-width:100%;\"\n                \/>\n            <\/a>\n        <\/div>\n\t\t\t\t\t\t\t<\/div> \n\t\t\t\n        \n\t\t\t\t<div id=\"ngg-image-5\" class=\"ngg-gallery-thumbnail-box\" >\n\t\t\t\t        <div class=\"ngg-gallery-thumbnail\">\n            <a href=\"https:\/\/www.imperial-permanent-makeup.pl\/en\/wp-content\/uploads\/sites\/2\/nggallery\/brwi_nowa_galeria\/MTXX_MR20240302_124559737_scale2.jpg\"\n               title=\"\"\n               data-src=\"https:\/\/www.imperial-permanent-makeup.pl\/en\/wp-content\/uploads\/sites\/2\/nggallery\/brwi_nowa_galeria\/MTXX_MR20240302_124559737_scale2.jpg\"\n               data-thumbnail=\"https:\/\/www.imperial-permanent-makeup.pl\/en\/wp-content\/uploads\/sites\/2\/nggallery\/brwi_nowa_galeria\/thumbs\/thumbs_MTXX_MR20240302_124559737_scale2.jpg\"\n               data-image-id=\"180\"\n               data-title=\"MTXX_MR20240302_124559737_scale2\"\n               data-description=\"\"\n               data-image-slug=\"mtxx_mr20240302_124559737_scale2\"\n               class=\"ngg-fancybox\" rel=\"10afdb6fac9c8fe33fea9ea6cab5d54a\">\n                <img\n                    title=\"MTXX_MR20240302_124559737_scale2\"\n                    alt=\"MTXX_MR20240302_124559737_scale2\"\n                    src=\"https:\/\/www.imperial-permanent-makeup.pl\/en\/wp-content\/uploads\/sites\/2\/nggallery\/brwi_nowa_galeria\/thumbs\/thumbs_MTXX_MR20240302_124559737_scale2.jpg\"\n                    width=\"240\"\n                    height=\"160\"\n                    style=\"max-width:100%;\"\n                \/>\n            <\/a>\n        <\/div>\n\t\t\t\t\t\t\t<\/div> \n\t\t\t\n        \n\t\t\t\t<div id=\"ngg-image-6\" class=\"ngg-gallery-thumbnail-box\" >\n\t\t\t\t        <div class=\"ngg-gallery-thumbnail\">\n            <a href=\"https:\/\/www.imperial-permanent-makeup.pl\/en\/wp-content\/uploads\/sites\/2\/nggallery\/brwi_nowa_galeria\/MTXX_MR20240312_132950471_scale.jpg\"\n               title=\"\"\n               data-src=\"https:\/\/www.imperial-permanent-makeup.pl\/en\/wp-content\/uploads\/sites\/2\/nggallery\/brwi_nowa_galeria\/MTXX_MR20240312_132950471_scale.jpg\"\n               data-thumbnail=\"https:\/\/www.imperial-permanent-makeup.pl\/en\/wp-content\/uploads\/sites\/2\/nggallery\/brwi_nowa_galeria\/thumbs\/thumbs_MTXX_MR20240312_132950471_scale.jpg\"\n               data-image-id=\"181\"\n               data-title=\"MTXX_MR20240312_132950471_scale\"\n               data-description=\"\"\n               data-image-slug=\"mtxx_mr20240312_132950471_scale\"\n               class=\"ngg-fancybox\" rel=\"10afdb6fac9c8fe33fea9ea6cab5d54a\">\n                <img\n                    title=\"MTXX_MR20240312_132950471_scale\"\n                    alt=\"MTXX_MR20240312_132950471_scale\"\n                    src=\"https:\/\/www.imperial-permanent-makeup.pl\/en\/wp-content\/uploads\/sites\/2\/nggallery\/brwi_nowa_galeria\/thumbs\/thumbs_MTXX_MR20240312_132950471_scale.jpg\"\n                    width=\"240\"\n                    height=\"160\"\n                    style=\"max-width:100%;\"\n                \/>\n            <\/a>\n        <\/div>\n\t\t\t\t\t\t\t<\/div> \n\t\t\t\n        \n\t\t\t\t<div id=\"ngg-image-7\" class=\"ngg-gallery-thumbnail-box\" >\n\t\t\t\t        <div class=\"ngg-gallery-thumbnail\">\n            <a href=\"https:\/\/www.imperial-permanent-makeup.pl\/en\/wp-content\/uploads\/sites\/2\/nggallery\/brwi_nowa_galeria\/MTXX_MR20240315_214614007.jpg\"\n               title=\"\"\n               data-src=\"https:\/\/www.imperial-permanent-makeup.pl\/en\/wp-content\/uploads\/sites\/2\/nggallery\/brwi_nowa_galeria\/MTXX_MR20240315_214614007.jpg\"\n               data-thumbnail=\"https:\/\/www.imperial-permanent-makeup.pl\/en\/wp-content\/uploads\/sites\/2\/nggallery\/brwi_nowa_galeria\/thumbs\/thumbs_MTXX_MR20240315_214614007.jpg\"\n               data-image-id=\"182\"\n               data-title=\"MTXX_MR20240315_214614007\"\n               data-description=\"\"\n               data-image-slug=\"mtxx_mr20240315_214614007\"\n               class=\"ngg-fancybox\" rel=\"10afdb6fac9c8fe33fea9ea6cab5d54a\">\n                <img\n                    title=\"MTXX_MR20240315_214614007\"\n                    alt=\"MTXX_MR20240315_214614007\"\n                    src=\"https:\/\/www.imperial-permanent-makeup.pl\/en\/wp-content\/uploads\/sites\/2\/nggallery\/brwi_nowa_galeria\/thumbs\/thumbs_MTXX_MR20240315_214614007.jpg\"\n                    width=\"240\"\n                    height=\"160\"\n                    style=\"max-width:100%;\"\n                \/>\n            <\/a>\n        <\/div>\n\t\t\t\t\t\t\t<\/div> \n\t\t\t\n        \n\t\t\n\t\t<div class=\"ngg-clear\"><\/div>\n\t<\/div>\n\n","protected":false},"excerpt":{"rendered":"","protected":false},"author":1,"featured_media":0,"parent":0,"menu_order":0,"comment_status":"closed","ping_status":"closed","template":"","meta":{"ngg_post_thumbnail":0},"yoast_head":"<!-- This site is optimized with the Yoast SEO plugin v15.2 - https:\/\/yoast.com\/wordpress\/plugins\/seo\/ -->\n<meta name=\"description\" content=\"Imperial studio makija\u017cu z Poznania, oferuje makija\u017c permanentny brwi, czyli microblading, podkre\u015blaj\u0105cy i uwydatniaj\u0105cy ich pi\u0119kny wygl\u0105d. Sprawd\u017a szczeg\u00f3\u0142y.\" \/>\n<meta name=\"robots\" content=\"index, follow, max-snippet:-1, max-image-preview:large, max-video-preview:-1\" \/>\n<link rel=\"canonical\" href=\"https:\/\/www.imperial-permanent-makeup.pl\/en\/brwi\/\" \/>\n<meta property=\"og:locale\" content=\"en_GB\" \/>\n<meta property=\"og:type\" content=\"article\" \/>\n<meta property=\"og:title\" content=\"Makija\u017c permanentny brwi Pozna\u0144 Imperial Studio\" \/>\n<meta property=\"og:description\" content=\"Imperial studio makija\u017cu z Poznania, oferuje makija\u017c permanentny brwi, czyli microblading, podkre\u015blaj\u0105cy i uwydatniaj\u0105cy ich pi\u0119kny wygl\u0105d. Sprawd\u017a szczeg\u00f3\u0142y.\" \/>\n<meta property=\"og:url\" content=\"https:\/\/www.imperial-permanent-makeup.pl\/en\/brwi\/\" \/>\n<meta property=\"og:site_name\" content=\"EN | Studio makija\u017cu permanentnego\" \/>\n<meta property=\"article:modified_time\" content=\"2024-04-22T06:51:15+00:00\" \/>\n<meta name=\"twitter:card\" content=\"summary\" \/>\n<meta name=\"twitter:label1\" value=\"Written by\">\n\t<meta name=\"twitter:data1\" value=\"admin\">\n\t<meta name=\"twitter:label2\" value=\"Estimated reading time\">\n\t<meta name=\"twitter:data2\" value=\"0 minutes\">\n<script type=\"application\/ld+json\" class=\"yoast-schema-graph\">{\"@context\":\"https:\/\/schema.org\",\"@graph\":[{\"@type\":\"WebSite\",\"@id\":\"https:\/\/www.imperial-permanent-makeup.pl\/en\/#website\",\"url\":\"https:\/\/www.imperial-permanent-makeup.pl\/en\/\",\"name\":\"EN | Studio makija\\u017cu permanentnego\",\"description\":\"Studio makija\\u017cu permanentnego\",\"potentialAction\":[{\"@type\":\"SearchAction\",\"target\":\"https:\/\/www.imperial-permanent-makeup.pl\/en\/?s={search_term_string}\",\"query-input\":\"required name=search_term_string\"}],\"inLanguage\":\"en-GB\"},{\"@type\":\"WebPage\",\"@id\":\"https:\/\/www.imperial-permanent-makeup.pl\/en\/brwi\/#webpage\",\"url\":\"https:\/\/www.imperial-permanent-makeup.pl\/en\/brwi\/\",\"name\":\"Makija\\u017c permanentny brwi Pozna\\u0144 Imperial Studio\",\"isPartOf\":{\"@id\":\"https:\/\/www.imperial-permanent-makeup.pl\/en\/#website\"},\"datePublished\":\"2016-04-29T13:16:06+00:00\",\"dateModified\":\"2024-04-22T06:51:15+00:00\",\"description\":\"Imperial studio makija\\u017cu z Poznania, oferuje makija\\u017c permanentny brwi, czyli microblading, podkre\\u015blaj\\u0105cy i uwydatniaj\\u0105cy ich pi\\u0119kny wygl\\u0105d. Sprawd\\u017a szczeg\\u00f3\\u0142y.\",\"inLanguage\":\"en-GB\",\"potentialAction\":[{\"@type\":\"ReadAction\",\"target\":[\"https:\/\/www.imperial-permanent-makeup.pl\/en\/brwi\/\"]}]}]}<\/script>\n<!-- \/ Yoast SEO plugin. -->","_links":{"self":[{"href":"https:\/\/www.imperial-permanent-makeup.pl\/en\/wp-json\/wp\/v2\/pages\/50"}],"collection":[{"href":"https:\/\/www.imperial-permanent-makeup.pl\/en\/wp-json\/wp\/v2\/pages"}],"about":[{"href":"https:\/\/www.imperial-permanent-makeup.pl\/en\/wp-json\/wp\/v2\/types\/page"}],"author":[{"embeddable":true,"href":"https:\/\/www.imperial-permanent-makeup.pl\/en\/wp-json\/wp\/v2\/users\/1"}],"replies":[{"embeddable":true,"href":"https:\/\/www.imperial-permanent-makeup.pl\/en\/wp-json\/wp\/v2\/comments?post=50"}],"version-history":[{"count":8,"href":"https:\/\/www.imperial-permanent-makeup.pl\/en\/wp-json\/wp\/v2\/pages\/50\/revisions"}],"predecessor-version":[{"id":724,"href":"https:\/\/www.imperial-permanent-makeup.pl\/en\/wp-json\/wp\/v2\/pages\/50\/revisions\/724"}],"wp:attachment":[{"href":"https:\/\/www.imperial-permanent-makeup.pl\/en\/wp-json\/wp\/v2\/media?parent=50"}],"curies":[{"name":"wp","href":"https:\/\/api.w.org\/{rel}","templated":true}]}}