{"id":54,"date":"2016-04-29T15:16:26","date_gmt":"2016-04-29T13:16:26","guid":{"rendered":"http:\/\/www.imperial-permanent-makeup.pl\/en\/?page_id=54"},"modified":"2019-04-29T11:27:09","modified_gmt":"2019-04-29T09:27:09","slug":"usta","status":"publish","type":"page","link":"https:\/\/www.imperial-permanent-makeup.pl\/en\/usta\/","title":{"rendered":"Lips"},"content":{"rendered":"<p><!-- index.php -->\n<div\n\tclass=\"ngg-galleryoverview ngg-ajax-pagination-none\"\n\tid=\"ngg-gallery-545-1\">\n\n    \t<div class=\"slideshowlink\">\n        <a href='https:\/\/www.imperial-permanent-makeup.pl\/en\/usta\/nggallery\/slideshow'>[Show slideshow]<\/a>\n\t\t\n\t<\/div>\n\t\t\t<!-- Thumbnails -->\n\t\t\t\t<div id=\"ngg-image-0\" class=\"ngg-gallery-thumbnail-box\" >\n\t\t\t\t        <div class=\"ngg-gallery-thumbnail\">\n            <a href=\"https:\/\/www.imperial-permanent-makeup.pl\/en\/wp-contentgalleryusta-new\/e.jpg\"\n               title=\"\"\n               data-src=\"https:\/\/www.imperial-permanent-makeup.pl\/en\/wp-contentgalleryusta-new\/e.jpg\"\n               data-thumbnail=\"https:\/\/www.imperial-permanent-makeup.pl\/en\/wp-contentgalleryusta-new\/thumbs\/thumbs_e.jpg\"\n               data-image-id=\"107\"\n               data-title=\"e\"\n               data-description=\"\"\n               data-image-slug=\"e-1\"\n               class=\"ngg-fancybox\" rel=\"545\">\n                <img\n                    title=\"e\"\n                    alt=\"e\"\n                    src=\"https:\/\/www.imperial-permanent-makeup.pl\/en\/wp-contentgalleryusta-new\/thumbs\/thumbs_e.jpg\"\n                    width=\"240\"\n                    height=\"160\"\n                    style=\"max-width:100%;\"\n                \/>\n            <\/a>\n        <\/div>\n\t\t\t\t\t\t\t<\/div> \n\t\t\t\n        \n\t\t\t\t<div id=\"ngg-image-1\" class=\"ngg-gallery-thumbnail-box\" >\n\t\t\t\t        <div class=\"ngg-gallery-thumbnail\">\n            <a href=\"https:\/\/www.imperial-permanent-makeup.pl\/en\/wp-contentgalleryusta-new\/ust2aa.jpg\"\n               title=\"\"\n               data-src=\"https:\/\/www.imperial-permanent-makeup.pl\/en\/wp-contentgalleryusta-new\/ust2aa.jpg\"\n               data-thumbnail=\"https:\/\/www.imperial-permanent-makeup.pl\/en\/wp-contentgalleryusta-new\/thumbs\/thumbs_ust2aa.jpg\"\n               data-image-id=\"108\"\n               data-title=\"ust2aa\"\n               data-description=\"\"\n               data-image-slug=\"ust2aa\"\n               class=\"ngg-fancybox\" rel=\"545\">\n                <img\n                    title=\"ust2aa\"\n                    alt=\"ust2aa\"\n                    src=\"https:\/\/www.imperial-permanent-makeup.pl\/en\/wp-contentgalleryusta-new\/thumbs\/thumbs_ust2aa.jpg\"\n                    width=\"240\"\n                    height=\"160\"\n                    style=\"max-width:100%;\"\n                \/>\n            <\/a>\n        <\/div>\n\t\t\t\t\t\t\t<\/div> \n\t\t\t\n        \n\t\t\t\t<div id=\"ngg-image-2\" class=\"ngg-gallery-thumbnail-box\" >\n\t\t\t\t        <div class=\"ngg-gallery-thumbnail\">\n            <a href=\"https:\/\/www.imperial-permanent-makeup.pl\/en\/wp-contentgalleryusta-new\/ust2ab.jpg\"\n               title=\"\"\n               data-src=\"https:\/\/www.imperial-permanent-makeup.pl\/en\/wp-contentgalleryusta-new\/ust2ab.jpg\"\n               data-thumbnail=\"https:\/\/www.imperial-permanent-makeup.pl\/en\/wp-contentgalleryusta-new\/thumbs\/thumbs_ust2ab.jpg\"\n               data-image-id=\"109\"\n               data-title=\"ust2ab\"\n               data-description=\"\"\n               data-image-slug=\"ust2ab\"\n               class=\"ngg-fancybox\" rel=\"545\">\n                <img\n                    title=\"ust2ab\"\n                    alt=\"ust2ab\"\n                    src=\"https:\/\/www.imperial-permanent-makeup.pl\/en\/wp-contentgalleryusta-new\/thumbs\/thumbs_ust2ab.jpg\"\n                    width=\"240\"\n                    height=\"160\"\n                    style=\"max-width:100%;\"\n                \/>\n            <\/a>\n        <\/div>\n\t\t\t\t\t\t\t<\/div> \n\t\t\t\n        \n\t\t\t\t<div id=\"ngg-image-3\" class=\"ngg-gallery-thumbnail-box\" >\n\t\t\t\t        <div class=\"ngg-gallery-thumbnail\">\n            <a href=\"https:\/\/www.imperial-permanent-makeup.pl\/en\/wp-contentgalleryusta-new\/usta1.jpg\"\n               title=\"\"\n               data-src=\"https:\/\/www.imperial-permanent-makeup.pl\/en\/wp-contentgalleryusta-new\/usta1.jpg\"\n               data-thumbnail=\"https:\/\/www.imperial-permanent-makeup.pl\/en\/wp-contentgalleryusta-new\/thumbs\/thumbs_usta1.jpg\"\n               data-image-id=\"110\"\n               data-title=\"usta1\"\n               data-description=\"\"\n               data-image-slug=\"usta1-1\"\n               class=\"ngg-fancybox\" rel=\"545\">\n                <img\n                    title=\"usta1\"\n                    alt=\"usta1\"\n                    src=\"https:\/\/www.imperial-permanent-makeup.pl\/en\/wp-contentgalleryusta-new\/thumbs\/thumbs_usta1.jpg\"\n                    width=\"240\"\n                    height=\"160\"\n                    style=\"max-width:100%;\"\n                \/>\n            <\/a>\n        <\/div>\n\t\t\t\t\t\t\t<\/div> \n\t\t\t\n        \n\t\t\t\t<div id=\"ngg-image-4\" class=\"ngg-gallery-thumbnail-box\" >\n\t\t\t\t        <div class=\"ngg-gallery-thumbnail\">\n            <a href=\"https:\/\/www.imperial-permanent-makeup.pl\/en\/wp-contentgalleryusta-new\/usta2-1.jpg\"\n               title=\"\"\n               data-src=\"https:\/\/www.imperial-permanent-makeup.pl\/en\/wp-contentgalleryusta-new\/usta2-1.jpg\"\n               data-thumbnail=\"https:\/\/www.imperial-permanent-makeup.pl\/en\/wp-contentgalleryusta-new\/thumbs\/thumbs_usta2-1.jpg\"\n               data-image-id=\"111\"\n               data-title=\"usta2 (1)\"\n               data-description=\"\"\n               data-image-slug=\"usta2-1\"\n               class=\"ngg-fancybox\" rel=\"545\">\n                <img\n                    title=\"usta2 (1)\"\n                    alt=\"usta2 (1)\"\n                    src=\"https:\/\/www.imperial-permanent-makeup.pl\/en\/wp-contentgalleryusta-new\/thumbs\/thumbs_usta2-1.jpg\"\n                    width=\"240\"\n                    height=\"160\"\n                    style=\"max-width:100%;\"\n                \/>\n            <\/a>\n        <\/div>\n\t\t\t\t\t\t\t<\/div> \n\t\t\t\n        \n\t\t\t\t<div id=\"ngg-image-5\" class=\"ngg-gallery-thumbnail-box\" >\n\t\t\t\t        <div class=\"ngg-gallery-thumbnail\">\n            <a href=\"https:\/\/www.imperial-permanent-makeup.pl\/en\/wp-contentgalleryusta-new\/usta2.jpg\"\n               title=\"\"\n               data-src=\"https:\/\/www.imperial-permanent-makeup.pl\/en\/wp-contentgalleryusta-new\/usta2.jpg\"\n               data-thumbnail=\"https:\/\/www.imperial-permanent-makeup.pl\/en\/wp-contentgalleryusta-new\/thumbs\/thumbs_usta2.jpg\"\n               data-image-id=\"112\"\n               data-title=\"usta2\"\n               data-description=\"\"\n               data-image-slug=\"usta2-2\"\n               class=\"ngg-fancybox\" rel=\"545\">\n                <img\n                    title=\"usta2\"\n                    alt=\"usta2\"\n                    src=\"https:\/\/www.imperial-permanent-makeup.pl\/en\/wp-contentgalleryusta-new\/thumbs\/thumbs_usta2.jpg\"\n                    width=\"240\"\n                    height=\"160\"\n                    style=\"max-width:100%;\"\n                \/>\n            <\/a>\n        <\/div>\n\t\t\t\t\t\t\t<\/div> \n\t\t\t\n        \n\t\t\t\t<div id=\"ngg-image-6\" class=\"ngg-gallery-thumbnail-box\" >\n\t\t\t\t        <div class=\"ngg-gallery-thumbnail\">\n            <a href=\"https:\/\/www.imperial-permanent-makeup.pl\/en\/wp-contentgalleryusta-new\/usta2abc.jpg\"\n               title=\"\"\n               data-src=\"https:\/\/www.imperial-permanent-makeup.pl\/en\/wp-contentgalleryusta-new\/usta2abc.jpg\"\n               data-thumbnail=\"https:\/\/www.imperial-permanent-makeup.pl\/en\/wp-contentgalleryusta-new\/thumbs\/thumbs_usta2abc.jpg\"\n               data-image-id=\"113\"\n               data-title=\"usta2abc\"\n               data-description=\"\"\n               data-image-slug=\"usta2abc\"\n               class=\"ngg-fancybox\" rel=\"545\">\n                <img\n                    title=\"usta2abc\"\n                    alt=\"usta2abc\"\n                    src=\"https:\/\/www.imperial-permanent-makeup.pl\/en\/wp-contentgalleryusta-new\/thumbs\/thumbs_usta2abc.jpg\"\n                    width=\"240\"\n                    height=\"160\"\n                    style=\"max-width:100%;\"\n                \/>\n            <\/a>\n        <\/div>\n\t\t\t\t\t\t\t<\/div> \n\t\t\t\n        \n\t\t\t\t<div id=\"ngg-image-7\" class=\"ngg-gallery-thumbnail-box\" >\n\t\t\t\t        <div class=\"ngg-gallery-thumbnail\">\n            <a href=\"https:\/\/www.imperial-permanent-makeup.pl\/en\/wp-contentgalleryusta-new\/usta3.jpg\"\n               title=\"\"\n               data-src=\"https:\/\/www.imperial-permanent-makeup.pl\/en\/wp-contentgalleryusta-new\/usta3.jpg\"\n               data-thumbnail=\"https:\/\/www.imperial-permanent-makeup.pl\/en\/wp-contentgalleryusta-new\/thumbs\/thumbs_usta3.jpg\"\n               data-image-id=\"114\"\n               data-title=\"usta3\"\n               data-description=\"\"\n               data-image-slug=\"usta3-1\"\n               class=\"ngg-fancybox\" rel=\"545\">\n                <img\n                    title=\"usta3\"\n                    alt=\"usta3\"\n                    src=\"https:\/\/www.imperial-permanent-makeup.pl\/en\/wp-contentgalleryusta-new\/thumbs\/thumbs_usta3.jpg\"\n                    width=\"240\"\n                    height=\"160\"\n                    style=\"max-width:100%;\"\n                \/>\n            <\/a>\n        <\/div>\n\t\t\t\t\t\t\t<\/div> \n\t\t\t\n        \n\t\t\t\t<div id=\"ngg-image-8\" class=\"ngg-gallery-thumbnail-box\" >\n\t\t\t\t        <div class=\"ngg-gallery-thumbnail\">\n            <a href=\"https:\/\/www.imperial-permanent-makeup.pl\/en\/wp-contentgalleryusta-new\/usta5.jpg\"\n               title=\"\"\n               data-src=\"https:\/\/www.imperial-permanent-makeup.pl\/en\/wp-contentgalleryusta-new\/usta5.jpg\"\n               data-thumbnail=\"https:\/\/www.imperial-permanent-makeup.pl\/en\/wp-contentgalleryusta-new\/thumbs\/thumbs_usta5.jpg\"\n               data-image-id=\"115\"\n               data-title=\"usta5\"\n               data-description=\"\"\n               data-image-slug=\"usta5-1\"\n               class=\"ngg-fancybox\" rel=\"545\">\n                <img\n                    title=\"usta5\"\n                    alt=\"usta5\"\n                    src=\"https:\/\/www.imperial-permanent-makeup.pl\/en\/wp-contentgalleryusta-new\/thumbs\/thumbs_usta5.jpg\"\n                    width=\"240\"\n                    height=\"160\"\n                    style=\"max-width:100%;\"\n                \/>\n            <\/a>\n        <\/div>\n\t\t\t\t\t\t\t<\/div> \n\t\t\t\n        \n\t\t\t\t<div id=\"ngg-image-9\" class=\"ngg-gallery-thumbnail-box\" >\n\t\t\t\t        <div class=\"ngg-gallery-thumbnail\">\n            <a href=\"https:\/\/www.imperial-permanent-makeup.pl\/en\/wp-contentgalleryusta-new\/usta6.jpg\"\n               title=\"\"\n               data-src=\"https:\/\/www.imperial-permanent-makeup.pl\/en\/wp-contentgalleryusta-new\/usta6.jpg\"\n               data-thumbnail=\"https:\/\/www.imperial-permanent-makeup.pl\/en\/wp-contentgalleryusta-new\/thumbs\/thumbs_usta6.jpg\"\n               data-image-id=\"116\"\n               data-title=\"usta6\"\n               data-description=\"\"\n               data-image-slug=\"usta6-1\"\n               class=\"ngg-fancybox\" rel=\"545\">\n                <img\n                    title=\"usta6\"\n                    alt=\"usta6\"\n                    src=\"https:\/\/www.imperial-permanent-makeup.pl\/en\/wp-contentgalleryusta-new\/thumbs\/thumbs_usta6.jpg\"\n                    width=\"240\"\n                    height=\"160\"\n                    style=\"max-width:100%;\"\n                \/>\n            <\/a>\n        <\/div>\n\t\t\t\t\t\t\t<\/div> \n\t\t\t\n        \n\t\t\t\t<div id=\"ngg-image-10\" class=\"ngg-gallery-thumbnail-box\" >\n\t\t\t\t        <div class=\"ngg-gallery-thumbnail\">\n            <a href=\"https:\/\/www.imperial-permanent-makeup.pl\/en\/wp-contentgalleryusta-new\/usta7.jpg\"\n               title=\"\"\n               data-src=\"https:\/\/www.imperial-permanent-makeup.pl\/en\/wp-contentgalleryusta-new\/usta7.jpg\"\n               data-thumbnail=\"https:\/\/www.imperial-permanent-makeup.pl\/en\/wp-contentgalleryusta-new\/thumbs\/thumbs_usta7.jpg\"\n               data-image-id=\"117\"\n               data-title=\"usta7\"\n               data-description=\"\"\n               data-image-slug=\"usta7-1\"\n               class=\"ngg-fancybox\" rel=\"545\">\n                <img\n                    title=\"usta7\"\n                    alt=\"usta7\"\n                    src=\"https:\/\/www.imperial-permanent-makeup.pl\/en\/wp-contentgalleryusta-new\/thumbs\/thumbs_usta7.jpg\"\n                    width=\"240\"\n                    height=\"148\"\n                    style=\"max-width:100%;\"\n                \/>\n            <\/a>\n        <\/div>\n\t\t\t\t\t\t\t<\/div> \n\t\t\t\n        \n\t\t\t\t<div id=\"ngg-image-11\" class=\"ngg-gallery-thumbnail-box\" >\n\t\t\t\t        <div class=\"ngg-gallery-thumbnail\">\n            <a href=\"https:\/\/www.imperial-permanent-makeup.pl\/en\/wp-contentgalleryusta-new\/usta9.jpg\"\n               title=\"\"\n               data-src=\"https:\/\/www.imperial-permanent-makeup.pl\/en\/wp-contentgalleryusta-new\/usta9.jpg\"\n               data-thumbnail=\"https:\/\/www.imperial-permanent-makeup.pl\/en\/wp-contentgalleryusta-new\/thumbs\/thumbs_usta9.jpg\"\n               data-image-id=\"118\"\n               data-title=\"usta9\"\n               data-description=\"\"\n               data-image-slug=\"usta9-1\"\n               class=\"ngg-fancybox\" rel=\"545\">\n                <img\n                    title=\"usta9\"\n                    alt=\"usta9\"\n                    src=\"https:\/\/www.imperial-permanent-makeup.pl\/en\/wp-contentgalleryusta-new\/thumbs\/thumbs_usta9.jpg\"\n                    width=\"240\"\n                    height=\"160\"\n                    style=\"max-width:100%;\"\n                \/>\n            <\/a>\n        <\/div>\n\t\t\t\t\t\t\t<\/div> \n\t\t\t\n        \n\t\t\t\t<div id=\"ngg-image-12\" class=\"ngg-gallery-thumbnail-box\" >\n\t\t\t\t        <div class=\"ngg-gallery-thumbnail\">\n            <a href=\"https:\/\/www.imperial-permanent-makeup.pl\/en\/wp-contentgalleryusta-new\/usta10.jpg\"\n               title=\"\"\n               data-src=\"https:\/\/www.imperial-permanent-makeup.pl\/en\/wp-contentgalleryusta-new\/usta10.jpg\"\n               data-thumbnail=\"https:\/\/www.imperial-permanent-makeup.pl\/en\/wp-contentgalleryusta-new\/thumbs\/thumbs_usta10.jpg\"\n               data-image-id=\"119\"\n               data-title=\"usta10\"\n               data-description=\"\"\n               data-image-slug=\"usta10-1\"\n               class=\"ngg-fancybox\" rel=\"545\">\n                <img\n                    title=\"usta10\"\n                    alt=\"usta10\"\n                    src=\"https:\/\/www.imperial-permanent-makeup.pl\/en\/wp-contentgalleryusta-new\/thumbs\/thumbs_usta10.jpg\"\n                    width=\"240\"\n                    height=\"160\"\n                    style=\"max-width:100%;\"\n                \/>\n            <\/a>\n        <\/div>\n\t\t\t\t\t\t\t<\/div> \n\t\t\t\n        \n\t\t\t\t<div id=\"ngg-image-13\" class=\"ngg-gallery-thumbnail-box\" >\n\t\t\t\t        <div class=\"ngg-gallery-thumbnail\">\n            <a href=\"https:\/\/www.imperial-permanent-makeup.pl\/en\/wp-contentgalleryusta-new\/usta11.jpg\"\n               title=\"\"\n               data-src=\"https:\/\/www.imperial-permanent-makeup.pl\/en\/wp-contentgalleryusta-new\/usta11.jpg\"\n               data-thumbnail=\"https:\/\/www.imperial-permanent-makeup.pl\/en\/wp-contentgalleryusta-new\/thumbs\/thumbs_usta11.jpg\"\n               data-image-id=\"120\"\n               data-title=\"usta11\"\n               data-description=\"\"\n               data-image-slug=\"usta11-1\"\n               class=\"ngg-fancybox\" rel=\"545\">\n                <img\n                    title=\"usta11\"\n                    alt=\"usta11\"\n                    src=\"https:\/\/www.imperial-permanent-makeup.pl\/en\/wp-contentgalleryusta-new\/thumbs\/thumbs_usta11.jpg\"\n                    width=\"240\"\n                    height=\"160\"\n                    style=\"max-width:100%;\"\n                \/>\n            <\/a>\n        <\/div>\n\t\t\t\t\t\t\t<\/div> \n\t\t\t\n        \n\t\t\t\t<div id=\"ngg-image-14\" class=\"ngg-gallery-thumbnail-box\" >\n\t\t\t\t        <div class=\"ngg-gallery-thumbnail\">\n            <a href=\"https:\/\/www.imperial-permanent-makeup.pl\/en\/wp-contentgalleryusta-new\/usta13.jpg\"\n               title=\"\"\n               data-src=\"https:\/\/www.imperial-permanent-makeup.pl\/en\/wp-contentgalleryusta-new\/usta13.jpg\"\n               data-thumbnail=\"https:\/\/www.imperial-permanent-makeup.pl\/en\/wp-contentgalleryusta-new\/thumbs\/thumbs_usta13.jpg\"\n               data-image-id=\"121\"\n               data-title=\"usta13\"\n               data-description=\"\"\n               data-image-slug=\"usta13-1\"\n               class=\"ngg-fancybox\" rel=\"545\">\n                <img\n                    title=\"usta13\"\n                    alt=\"usta13\"\n                    src=\"https:\/\/www.imperial-permanent-makeup.pl\/en\/wp-contentgalleryusta-new\/thumbs\/thumbs_usta13.jpg\"\n                    width=\"200\"\n                    height=\"142\"\n                    style=\"max-width:100%;\"\n                \/>\n            <\/a>\n        <\/div>\n\t\t\t\t\t\t\t<\/div> \n\t\t\t\n        \n\t\t\t\t<div id=\"ngg-image-15\" class=\"ngg-gallery-thumbnail-box\" >\n\t\t\t\t        <div class=\"ngg-gallery-thumbnail\">\n            <a href=\"https:\/\/www.imperial-permanent-makeup.pl\/en\/wp-contentgalleryusta-new\/usta14.jpg\"\n               title=\"\"\n               data-src=\"https:\/\/www.imperial-permanent-makeup.pl\/en\/wp-contentgalleryusta-new\/usta14.jpg\"\n               data-thumbnail=\"https:\/\/www.imperial-permanent-makeup.pl\/en\/wp-contentgalleryusta-new\/thumbs\/thumbs_usta14.jpg\"\n               data-image-id=\"122\"\n               data-title=\"usta14\"\n               data-description=\"\"\n               data-image-slug=\"usta14-1\"\n               class=\"ngg-fancybox\" rel=\"545\">\n                <img\n                    title=\"usta14\"\n                    alt=\"usta14\"\n                    src=\"https:\/\/www.imperial-permanent-makeup.pl\/en\/wp-contentgalleryusta-new\/thumbs\/thumbs_usta14.jpg\"\n                    width=\"240\"\n                    height=\"160\"\n                    style=\"max-width:100%;\"\n                \/>\n            <\/a>\n        <\/div>\n\t\t\t\t\t\t\t<\/div> \n\t\t\t\n        \n\t\t\t\t<div id=\"ngg-image-16\" class=\"ngg-gallery-thumbnail-box\" >\n\t\t\t\t        <div class=\"ngg-gallery-thumbnail\">\n            <a href=\"https:\/\/www.imperial-permanent-makeup.pl\/en\/wp-contentgalleryusta-new\/uta3ac.jpg\"\n               title=\"\"\n               data-src=\"https:\/\/www.imperial-permanent-makeup.pl\/en\/wp-contentgalleryusta-new\/uta3ac.jpg\"\n               data-thumbnail=\"https:\/\/www.imperial-permanent-makeup.pl\/en\/wp-contentgalleryusta-new\/thumbs\/thumbs_uta3ac.jpg\"\n               data-image-id=\"123\"\n               data-title=\"uta3ac\"\n               data-description=\"\"\n               data-image-slug=\"uta3ac\"\n               class=\"ngg-fancybox\" rel=\"545\">\n                <img\n                    title=\"uta3ac\"\n                    alt=\"uta3ac\"\n                    src=\"https:\/\/www.imperial-permanent-makeup.pl\/en\/wp-contentgalleryusta-new\/thumbs\/thumbs_uta3ac.jpg\"\n                    width=\"240\"\n                    height=\"160\"\n                    style=\"max-width:100%;\"\n                \/>\n            <\/a>\n        <\/div>\n\t\t\t\t\t\t\t<\/div> \n\t\t\t\n        \n\t\t\n\t\t<div class=\"ngg-clear\"><\/div>\n\t<\/div>\n<\/p>\n","protected":false},"excerpt":{"rendered":"","protected":false},"author":1,"featured_media":0,"parent":0,"menu_order":0,"comment_status":"closed","ping_status":"closed","template":"","meta":{"ngg_post_thumbnail":0},"yoast_head":"<!-- This site is optimized with the Yoast SEO plugin v15.2 - https:\/\/yoast.com\/wordpress\/plugins\/seo\/ -->\n<meta name=\"description\" content=\"Wykonujemy profesjonalny makija\u017c permanentny ust z wykorzystaniem r\u00f3\u017cnorodnych metod z mo\u017cliwo\u015bci\u0105 ich po\u0142\u0105czenia w celu osi\u0105gni\u0119cia jak najlepszych rezultat\u00f3w.\" \/>\n<meta name=\"robots\" content=\"index, follow, max-snippet:-1, max-image-preview:large, max-video-preview:-1\" \/>\n<link rel=\"canonical\" href=\"https:\/\/www.imperial-permanent-makeup.pl\/en\/usta\/\" \/>\n<meta property=\"og:locale\" content=\"en_GB\" \/>\n<meta property=\"og:type\" content=\"article\" \/>\n<meta property=\"og:title\" content=\"Makija\u017c permanentny ust Imperial Studio Pozna\u0144\" \/>\n<meta property=\"og:description\" content=\"Wykonujemy profesjonalny makija\u017c permanentny ust z wykorzystaniem r\u00f3\u017cnorodnych metod z mo\u017cliwo\u015bci\u0105 ich po\u0142\u0105czenia w celu osi\u0105gni\u0119cia jak najlepszych rezultat\u00f3w.\" \/>\n<meta property=\"og:url\" content=\"https:\/\/www.imperial-permanent-makeup.pl\/en\/usta\/\" \/>\n<meta property=\"og:site_name\" content=\"EN | Studio makija\u017cu permanentnego\" \/>\n<meta property=\"article:modified_time\" content=\"2019-04-29T09:27:09+00:00\" \/>\n<meta property=\"og:image\" content=\"http:\/\/www.imperial-permanent-makeup.pl\/en\/nextgen-attach_to_post\/preview\/id--545\" \/>\n<meta name=\"twitter:card\" content=\"summary\" \/>\n<meta name=\"twitter:label1\" value=\"Written by\">\n\t<meta name=\"twitter:data1\" value=\"admin\">\n\t<meta name=\"twitter:label2\" value=\"Estimated reading time\">\n\t<meta name=\"twitter:data2\" value=\"0 minutes\">\n<script type=\"application\/ld+json\" class=\"yoast-schema-graph\">{\"@context\":\"https:\/\/schema.org\",\"@graph\":[{\"@type\":\"WebSite\",\"@id\":\"https:\/\/www.imperial-permanent-makeup.pl\/en\/#website\",\"url\":\"https:\/\/www.imperial-permanent-makeup.pl\/en\/\",\"name\":\"EN | Studio makija\\u017cu permanentnego\",\"description\":\"Studio makija\\u017cu permanentnego\",\"potentialAction\":[{\"@type\":\"SearchAction\",\"target\":\"https:\/\/www.imperial-permanent-makeup.pl\/en\/?s={search_term_string}\",\"query-input\":\"required name=search_term_string\"}],\"inLanguage\":\"en-GB\"},{\"@type\":\"ImageObject\",\"@id\":\"https:\/\/www.imperial-permanent-makeup.pl\/en\/usta\/#primaryimage\",\"inLanguage\":\"en-GB\",\"url\":\"http:\/\/www.imperial-permanent-makeup.pl\/en\/nextgen-attach_to_post\/preview\/id--545\"},{\"@type\":\"WebPage\",\"@id\":\"https:\/\/www.imperial-permanent-makeup.pl\/en\/usta\/#webpage\",\"url\":\"https:\/\/www.imperial-permanent-makeup.pl\/en\/usta\/\",\"name\":\"Makija\\u017c permanentny ust Imperial Studio Pozna\\u0144\",\"isPartOf\":{\"@id\":\"https:\/\/www.imperial-permanent-makeup.pl\/en\/#website\"},\"primaryImageOfPage\":{\"@id\":\"https:\/\/www.imperial-permanent-makeup.pl\/en\/usta\/#primaryimage\"},\"datePublished\":\"2016-04-29T13:16:26+00:00\",\"dateModified\":\"2019-04-29T09:27:09+00:00\",\"description\":\"Wykonujemy profesjonalny makija\\u017c permanentny ust z wykorzystaniem r\\u00f3\\u017cnorodnych metod z mo\\u017cliwo\\u015bci\\u0105 ich po\\u0142\\u0105czenia w celu osi\\u0105gni\\u0119cia jak najlepszych rezultat\\u00f3w.\",\"inLanguage\":\"en-GB\",\"potentialAction\":[{\"@type\":\"ReadAction\",\"target\":[\"https:\/\/www.imperial-permanent-makeup.pl\/en\/usta\/\"]}]}]}<\/script>\n<!-- \/ Yoast SEO plugin. -->","_links":{"self":[{"href":"https:\/\/www.imperial-permanent-makeup.pl\/en\/wp-json\/wp\/v2\/pages\/54"}],"collection":[{"href":"https:\/\/www.imperial-permanent-makeup.pl\/en\/wp-json\/wp\/v2\/pages"}],"about":[{"href":"https:\/\/www.imperial-permanent-makeup.pl\/en\/wp-json\/wp\/v2\/types\/page"}],"author":[{"embeddable":true,"href":"https:\/\/www.imperial-permanent-makeup.pl\/en\/wp-json\/wp\/v2\/users\/1"}],"replies":[{"embeddable":true,"href":"https:\/\/www.imperial-permanent-makeup.pl\/en\/wp-json\/wp\/v2\/comments?post=54"}],"version-history":[{"count":6,"href":"https:\/\/www.imperial-permanent-makeup.pl\/en\/wp-json\/wp\/v2\/pages\/54\/revisions"}],"predecessor-version":[{"id":546,"href":"https:\/\/www.imperial-permanent-makeup.pl\/en\/wp-json\/wp\/v2\/pages\/54\/revisions\/546"}],"wp:attachment":[{"href":"https:\/\/www.imperial-permanent-makeup.pl\/en\/wp-json\/wp\/v2\/media?parent=54"}],"curies":[{"name":"wp","href":"https:\/\/api.w.org\/{rel}","templated":true}]}}